{"id":949,"date":"2026-04-12T15:43:45","date_gmt":"2026-04-12T15:43:45","guid":{"rendered":"https:\/\/silk-pajamas.com\/16-momme-sandwashed-silk-bralette-set-lace-trim-wine\/"},"modified":"2026-04-17T01:53:38","modified_gmt":"2026-04-17T01:53:38","slug":"16-momme-sandwashed-silk-bralette-set-lace-trim-wine","status":"publish","type":"product","link":"https:\/\/silk-pajamas.com\/pt\/16-momme-sandwashed-silk-bralette-set-lace-trim-wine\/","title":{"rendered":"16 Momme Conjunto bralette de seda com barra em renda Vinho"},"content":{"rendered":"<p>Confeccionado em seda 16 momme, este conjunto de soutien e cuecas combina detalhes de renda com um brilho suave e um toque respir\u00e1vel. O acabamento em vinho confere-lhe um aspeto requintado, enquanto os tamanhos XL, XXL, 3XL e 4XL ajudam a satisfazer as necessidades b\u00e1sicas. Adequado para mulheres e guarda-roupas de outono. Lavar \u00e0 m\u00e3o a frio ou utilizar um ciclo suave.<\/p>","protected":false},"excerpt":{"rendered":"<p>Conjunto de soutien e cuecas em seda 16 Momme Sandwashed em vinho. Acabamento em renda, toque respir\u00e1vel e tamanhos XL, XXL, 3XL, 4XL. Concebido para as mulheres.<\/p>","protected":false},"featured_media":1241,"template":"","meta":{"_gspb_post_css":""},"product_brand":[],"product_cat":[40],"product_tag":[943,944,939],"class_list":{"0":"post-949","1":"product","2":"type-product","3":"status-publish","4":"has-post-thumbnail","6":"product_cat-silk-bra-panty-sets","7":"product_tag-16-momme-silk-bra-panty-set-wine","8":"product_tag-factory-silk-bra-panty-set-for-women","9":"product_tag-sandwashed-silk-bra-panty-set-lace-trim","11":"first","12":"instock","13":"shipping-taxable","14":"purchasable","15":"product-type-simple"},"_links":{"self":[{"href":"https:\/\/silk-pajamas.com\/pt\/wp-json\/wp\/v2\/product\/949","targetHints":{"allow":["GET"]}}],"collection":[{"href":"https:\/\/silk-pajamas.com\/pt\/wp-json\/wp\/v2\/product"}],"about":[{"href":"https:\/\/silk-pajamas.com\/pt\/wp-json\/wp\/v2\/types\/product"}],"wp:featuredmedia":[{"embeddable":true,"href":"https:\/\/silk-pajamas.com\/pt\/wp-json\/wp\/v2\/media\/1241"}],"wp:attachment":[{"href":"https:\/\/silk-pajamas.com\/pt\/wp-json\/wp\/v2\/media?parent=949"}],"wp:term":[{"taxonomy":"product_brand","embeddable":true,"href":"https:\/\/silk-pajamas.com\/pt\/wp-json\/wp\/v2\/product_brand?post=949"},{"taxonomy":"product_cat","embeddable":true,"href":"https:\/\/silk-pajamas.com\/pt\/wp-json\/wp\/v2\/product_cat?post=949"},{"taxonomy":"product_tag","embeddable":true,"href":"https:\/\/silk-pajamas.com\/pt\/wp-json\/wp\/v2\/product_tag?post=949"}],"curies":[{"name":"wp","href":"https:\/\/api.w.org\/{rel}","templated":true}]}}