{"id":952,"date":"2026-04-12T15:43:46","date_gmt":"2026-04-12T15:43:46","guid":{"rendered":"https:\/\/silk-pajamas.com\/22-momme-mulberry-silk-bralette-set-custom-size-sky-blue\/"},"modified":"2026-04-16T09:06:14","modified_gmt":"2026-04-16T09:06:14","slug":"22-momme-mulberry-silk-bralette-set-custom-size-sky-blue","status":"publish","type":"product","link":"https:\/\/silk-pajamas.com\/pt\/22-momme-mulberry-silk-bralette-set-custom-size-sky-blue\/","title":{"rendered":"22 Momme Mulberry Silk Bralette Set Tamanho personalizado Azul celeste"},"content":{"rendered":"<p>Confeccionado em seda de amora 22 momme, este conjunto de soutien e cuecas combina o pormenor da al\u00e7a ajust\u00e1vel com um brilho suave e um toque respir\u00e1vel. O acabamento em azul celeste confere-lhe um aspeto requintado, enquanto os tamanhos Custom ajudam a cobrir as necessidades essenciais. Adequado para mulher e para o guarda-roupa de ver\u00e3o. Lavar \u00e0 m\u00e3o a frio ou utilizar um ciclo suave.<\/p>","protected":false},"excerpt":{"rendered":"<p>Conjunto de soutien e cuecas em seda Mulberry 22 Momme em azul celeste. Acabamento com al\u00e7a ajust\u00e1vel, toque suave e gama de tamanhos personalizada. Concebido para as mulheres.<\/p>","protected":false},"featured_media":1210,"template":"","meta":{"_gspb_post_css":""},"product_brand":[],"product_cat":[40],"product_tag":[947,948,942],"class_list":{"0":"post-952","1":"product","2":"type-product","3":"status-publish","4":"has-post-thumbnail","6":"product_cat-silk-bra-panty-sets","7":"product_tag-22-momme-silk-bra-panty-set-sky-blue","8":"product_tag-mulberry-silk-bra-panty-set-adjustable-strap","9":"product_tag-wholesale-silk-bra-panty-set-for-women","11":"first","12":"instock","13":"shipping-taxable","14":"purchasable","15":"product-type-simple"},"_links":{"self":[{"href":"https:\/\/silk-pajamas.com\/pt\/wp-json\/wp\/v2\/product\/952","targetHints":{"allow":["GET"]}}],"collection":[{"href":"https:\/\/silk-pajamas.com\/pt\/wp-json\/wp\/v2\/product"}],"about":[{"href":"https:\/\/silk-pajamas.com\/pt\/wp-json\/wp\/v2\/types\/product"}],"wp:featuredmedia":[{"embeddable":true,"href":"https:\/\/silk-pajamas.com\/pt\/wp-json\/wp\/v2\/media\/1210"}],"wp:attachment":[{"href":"https:\/\/silk-pajamas.com\/pt\/wp-json\/wp\/v2\/media?parent=952"}],"wp:term":[{"taxonomy":"product_brand","embeddable":true,"href":"https:\/\/silk-pajamas.com\/pt\/wp-json\/wp\/v2\/product_brand?post=952"},{"taxonomy":"product_cat","embeddable":true,"href":"https:\/\/silk-pajamas.com\/pt\/wp-json\/wp\/v2\/product_cat?post=952"},{"taxonomy":"product_tag","embeddable":true,"href":"https:\/\/silk-pajamas.com\/pt\/wp-json\/wp\/v2\/product_tag?post=952"}],"curies":[{"name":"wp","href":"https:\/\/api.w.org\/{rel}","templated":true}]}}