{"id":954,"date":"2026-04-12T15:43:46","date_gmt":"2026-04-12T15:43:46","guid":{"rendered":"https:\/\/silk-pajamas.com\/19-momme-mulberry-silk-bra-panty-set-french-cut-black\/"},"modified":"2026-04-16T09:28:29","modified_gmt":"2026-04-16T09:28:29","slug":"19-momme-mulberry-silk-bra-panty-set-french-cut-black","status":"publish","type":"product","link":"https:\/\/silk-pajamas.com\/pt\/19-momme-mulberry-silk-bra-panty-set-french-cut-black\/","title":{"rendered":"19 Momme Mulberry Silk Bra Panty Set French Cut Preto"},"content":{"rendered":"<p>Fabricado com seda de amora 19 momme, este conjunto de soutien e cuecas oferece uma sensa\u00e7\u00e3o de pele suave e respir\u00e1vel e um movimento elegante. A constru\u00e7\u00e3o de corte franc\u00eas e a cor preta mant\u00eam o visual polido para conjuntos de oferta. Dispon\u00edvel em 34B, 36B, 38B, 40C. Lavar \u00e0 m\u00e3o a frio ou utilizar um ciclo suave.<\/p>","protected":false},"excerpt":{"rendered":"<p>19 Conjunto de soutien e cuecas em seda Momme Mulberry em preto. Acabamento French Cut, toque respir\u00e1vel e gama de tamanhos 34B, 36B, 38B, 40C. Concebido para os conjuntos de oferta.<\/p>","protected":false},"featured_media":1215,"template":"","meta":{"_gspb_post_css":""},"product_brand":[],"product_cat":[40],"product_tag":[929,952,951],"class_list":{"0":"post-954","1":"product","2":"type-product","3":"status-publish","4":"has-post-thumbnail","6":"product_cat-silk-bra-panty-sets","7":"product_tag-19-momme-silk-bra-panty-set-black","8":"product_tag-factory-silk-bra-panty-set-for-gift-assortments","9":"product_tag-mulberry-silk-bra-panty-set-french-cut","11":"first","12":"instock","13":"shipping-taxable","14":"purchasable","15":"product-type-simple"},"_links":{"self":[{"href":"https:\/\/silk-pajamas.com\/pt\/wp-json\/wp\/v2\/product\/954","targetHints":{"allow":["GET"]}}],"collection":[{"href":"https:\/\/silk-pajamas.com\/pt\/wp-json\/wp\/v2\/product"}],"about":[{"href":"https:\/\/silk-pajamas.com\/pt\/wp-json\/wp\/v2\/types\/product"}],"wp:featuredmedia":[{"embeddable":true,"href":"https:\/\/silk-pajamas.com\/pt\/wp-json\/wp\/v2\/media\/1215"}],"wp:attachment":[{"href":"https:\/\/silk-pajamas.com\/pt\/wp-json\/wp\/v2\/media?parent=954"}],"wp:term":[{"taxonomy":"product_brand","embeddable":true,"href":"https:\/\/silk-pajamas.com\/pt\/wp-json\/wp\/v2\/product_brand?post=954"},{"taxonomy":"product_cat","embeddable":true,"href":"https:\/\/silk-pajamas.com\/pt\/wp-json\/wp\/v2\/product_cat?post=954"},{"taxonomy":"product_tag","embeddable":true,"href":"https:\/\/silk-pajamas.com\/pt\/wp-json\/wp\/v2\/product_tag?post=954"}],"curies":[{"name":"wp","href":"https:\/\/api.w.org\/{rel}","templated":true}]}}