{"id":955,"date":"2026-04-12T15:43:46","date_gmt":"2026-04-12T15:43:46","guid":{"rendered":"https:\/\/silk-pajamas.com\/16-momme-stretch-silk-bra-panty-set-wireless-black-vendor\/"},"modified":"2026-04-16T09:30:49","modified_gmt":"2026-04-16T09:30:49","slug":"16-momme-stretch-silk-bra-panty-set-wireless-black-vendor","status":"publish","type":"product","link":"https:\/\/silk-pajamas.com\/pt\/16-momme-stretch-silk-bra-panty-set-wireless-black-vendor\/","title":{"rendered":"16 Momme Stretch Silk Bra Panty Set Wireless Black Vendor"},"content":{"rendered":"<p>Confeccionado em seda stretch 16 momme, este conjunto de soutien e cuecas combina detalhes sem fios com um brilho suave e um toque respir\u00e1vel. O acabamento em preto confere-lhe um aspeto requintado, enquanto os tamanhos S, M, L, XL ajudam a cobrir as principais necessidades. Adequado para mulheres e guarda-roupas de ver\u00e3o. Lavar \u00e0 m\u00e3o a frio ou utilizar um ciclo suave.<\/p>","protected":false},"excerpt":{"rendered":"<p>Conjunto de soutien e cuecas Momme Stretch Silk 16 em preto. Acabamento sem fios, toque respir\u00e1vel e gama de tamanhos S, M, L, XL. Concebido para as mulheres.<\/p>","protected":false},"featured_media":1218,"template":"","meta":{"_gspb_post_css":""},"product_brand":[],"product_cat":[40],"product_tag":[953,954,942],"class_list":{"0":"post-955","1":"product","2":"type-product","3":"status-publish","4":"has-post-thumbnail","6":"product_cat-silk-bra-panty-sets","7":"product_tag-16-momme-silk-bra-panty-set-black","8":"product_tag-stretch-silk-silk-bra-panty-set-wireless","9":"product_tag-wholesale-silk-bra-panty-set-for-women","11":"first","12":"instock","13":"shipping-taxable","14":"purchasable","15":"product-type-simple"},"_links":{"self":[{"href":"https:\/\/silk-pajamas.com\/pt\/wp-json\/wp\/v2\/product\/955","targetHints":{"allow":["GET"]}}],"collection":[{"href":"https:\/\/silk-pajamas.com\/pt\/wp-json\/wp\/v2\/product"}],"about":[{"href":"https:\/\/silk-pajamas.com\/pt\/wp-json\/wp\/v2\/types\/product"}],"wp:featuredmedia":[{"embeddable":true,"href":"https:\/\/silk-pajamas.com\/pt\/wp-json\/wp\/v2\/media\/1218"}],"wp:attachment":[{"href":"https:\/\/silk-pajamas.com\/pt\/wp-json\/wp\/v2\/media?parent=955"}],"wp:term":[{"taxonomy":"product_brand","embeddable":true,"href":"https:\/\/silk-pajamas.com\/pt\/wp-json\/wp\/v2\/product_brand?post=955"},{"taxonomy":"product_cat","embeddable":true,"href":"https:\/\/silk-pajamas.com\/pt\/wp-json\/wp\/v2\/product_cat?post=955"},{"taxonomy":"product_tag","embeddable":true,"href":"https:\/\/silk-pajamas.com\/pt\/wp-json\/wp\/v2\/product_tag?post=955"}],"curies":[{"name":"wp","href":"https:\/\/api.w.org\/{rel}","templated":true}]}}