{"id":958,"date":"2026-04-12T15:43:46","date_gmt":"2026-04-12T15:43:46","guid":{"rendered":"https:\/\/silk-pajamas.com\/22-momme-sandwashed-silk-bralette-set-plus-size-floral\/"},"modified":"2026-04-16T10:28:04","modified_gmt":"2026-04-16T10:28:04","slug":"22-momme-sandwashed-silk-bralette-set-plus-size-floral","status":"publish","type":"product","link":"https:\/\/silk-pajamas.com\/pt\/22-momme-sandwashed-silk-bralette-set-plus-size-floral\/","title":{"rendered":"22 Momme Conjunto bralette de seda com barra em seda, tamanho grande, floral"},"content":{"rendered":"<p>Este conjunto de soutien e cuecas \u00e9 fabricado em seda 22 momme com um tom floral. Apresenta al\u00e7as ajust\u00e1veis, um toque suave e um drapeado confort\u00e1vel para presentes. O estilo suporta os tamanhos XL, XXL, 3XL, 4XL e funciona bem para todas as esta\u00e7\u00f5es, para oferecer e para o conforto di\u00e1rio. Lavar \u00e0 m\u00e3o a frio ou utilizar um ciclo suave.<\/p>","protected":false},"excerpt":{"rendered":"<p>Conjunto de soutien e cuecas em seda 22 Momme Sandwashed em Floral. Acabamento com al\u00e7a ajust\u00e1vel, toque respir\u00e1vel e gama de tamanhos XL, XXL, 3XL, 4XL. Concebido para os conjuntos de oferta.<\/p>","protected":false},"featured_media":1230,"template":"","meta":{"_gspb_post_css":""},"product_brand":[],"product_cat":[40],"product_tag":[959,960,961],"class_list":{"0":"post-958","1":"product","2":"type-product","3":"status-publish","4":"has-post-thumbnail","6":"product_cat-silk-bra-panty-sets","7":"product_tag-22-momme-silk-bra-panty-set-floral","8":"product_tag-sandwashed-silk-bra-panty-set-adjustable-strap","9":"product_tag-vendor-silk-bra-panty-set-for-gift-assortments","11":"first","12":"instock","13":"featured","14":"shipping-taxable","15":"purchasable","16":"product-type-simple"},"_links":{"self":[{"href":"https:\/\/silk-pajamas.com\/pt\/wp-json\/wp\/v2\/product\/958","targetHints":{"allow":["GET"]}}],"collection":[{"href":"https:\/\/silk-pajamas.com\/pt\/wp-json\/wp\/v2\/product"}],"about":[{"href":"https:\/\/silk-pajamas.com\/pt\/wp-json\/wp\/v2\/types\/product"}],"wp:featuredmedia":[{"embeddable":true,"href":"https:\/\/silk-pajamas.com\/pt\/wp-json\/wp\/v2\/media\/1230"}],"wp:attachment":[{"href":"https:\/\/silk-pajamas.com\/pt\/wp-json\/wp\/v2\/media?parent=958"}],"wp:term":[{"taxonomy":"product_brand","embeddable":true,"href":"https:\/\/silk-pajamas.com\/pt\/wp-json\/wp\/v2\/product_brand?post=958"},{"taxonomy":"product_cat","embeddable":true,"href":"https:\/\/silk-pajamas.com\/pt\/wp-json\/wp\/v2\/product_cat?post=958"},{"taxonomy":"product_tag","embeddable":true,"href":"https:\/\/silk-pajamas.com\/pt\/wp-json\/wp\/v2\/product_tag?post=958"}],"curies":[{"name":"wp","href":"https:\/\/api.w.org\/{rel}","templated":true}]}}