{"id":960,"date":"2026-04-12T15:43:46","date_gmt":"2026-04-12T15:43:46","guid":{"rendered":"https:\/\/silk-pajamas.com\/19-momme-mulberry-silk-bra-panty-set-soft-cup-ivory-supplier\/"},"modified":"2026-04-17T01:46:36","modified_gmt":"2026-04-17T01:46:36","slug":"19-momme-mulberry-silk-bra-panty-set-soft-cup-ivory-supplier","status":"publish","type":"product","link":"https:\/\/silk-pajamas.com\/pt\/19-momme-mulberry-silk-bra-panty-set-soft-cup-ivory-supplier\/","title":{"rendered":"19 Momme Mulberry Silk Bra Panty Set Soft Cup Ivory Fornecedor"},"content":{"rendered":"<p>Fabricado com seda de amora 19 momme, este conjunto de soutien e cuecas oferece um toque suave, uma sensa\u00e7\u00e3o delicada na pele e um movimento elegante. A constru\u00e7\u00e3o suave da copa e a cor marfim mant\u00eam o visual polido para peles sens\u00edveis. Dispon\u00edvel em 34B, 36B, 38B, 40C. Lavar \u00e0 m\u00e3o a frio ou utilizar um ciclo suave.<\/p>","protected":false},"excerpt":{"rendered":"<p>19 Conjunto de soutien e cuecas em seda Momme Mulberry em marfim. Acabamento Soft Cup, toque suave e gama de tamanhos 34B, 36B, 38B, 40C. Concebido para peles sens\u00edveis.<\/p>","protected":false},"featured_media":1168,"template":"","meta":{"_gspb_post_css":""},"product_brand":[],"product_cat":[40],"product_tag":[949,930,934],"class_list":{"0":"post-960","1":"product","2":"type-product","3":"status-publish","4":"has-post-thumbnail","6":"product_cat-silk-bra-panty-sets","7":"product_tag-19-momme-silk-bra-panty-set-ivory","8":"product_tag-mulberry-silk-bra-panty-set-soft-cup","9":"product_tag-vendor-silk-bra-panty-set-for-sensitive-skin","11":"first","12":"instock","13":"shipping-taxable","14":"purchasable","15":"product-type-simple"},"_links":{"self":[{"href":"https:\/\/silk-pajamas.com\/pt\/wp-json\/wp\/v2\/product\/960","targetHints":{"allow":["GET"]}}],"collection":[{"href":"https:\/\/silk-pajamas.com\/pt\/wp-json\/wp\/v2\/product"}],"about":[{"href":"https:\/\/silk-pajamas.com\/pt\/wp-json\/wp\/v2\/types\/product"}],"wp:featuredmedia":[{"embeddable":true,"href":"https:\/\/silk-pajamas.com\/pt\/wp-json\/wp\/v2\/media\/1168"}],"wp:attachment":[{"href":"https:\/\/silk-pajamas.com\/pt\/wp-json\/wp\/v2\/media?parent=960"}],"wp:term":[{"taxonomy":"product_brand","embeddable":true,"href":"https:\/\/silk-pajamas.com\/pt\/wp-json\/wp\/v2\/product_brand?post=960"},{"taxonomy":"product_cat","embeddable":true,"href":"https:\/\/silk-pajamas.com\/pt\/wp-json\/wp\/v2\/product_cat?post=960"},{"taxonomy":"product_tag","embeddable":true,"href":"https:\/\/silk-pajamas.com\/pt\/wp-json\/wp\/v2\/product_tag?post=960"}],"curies":[{"name":"wp","href":"https:\/\/api.w.org\/{rel}","templated":true}]}}