{"id":961,"date":"2026-04-12T15:43:46","date_gmt":"2026-04-12T15:43:46","guid":{"rendered":"https:\/\/silk-pajamas.com\/22-momme-mulberry-silk-bra-panty-set-stretch-fit-pearl\/"},"modified":"2026-04-17T01:48:07","modified_gmt":"2026-04-17T01:48:07","slug":"22-momme-mulberry-silk-bra-panty-set-stretch-fit-pearl","status":"publish","type":"product","link":"https:\/\/silk-pajamas.com\/pt\/22-momme-mulberry-silk-bra-panty-set-stretch-fit-pearl\/","title":{"rendered":"22 Momme Mulberry Silk Bra Panty Set Stretch Fit Pearl"},"content":{"rendered":"<p>Fabricado com seda de amora 22 momme, este conjunto de soutien e cuecas oferece um drapeado suave, um toque suave na pele e um movimento elegante. A constru\u00e7\u00e3o de ajuste el\u00e1stico e a cor p\u00e9rola mant\u00eam o visual polido para as mulheres. Dispon\u00edvel em Personalizado. Lavar \u00e0 m\u00e3o a frio ou utilizar um ciclo suave.<\/p>","protected":false},"excerpt":{"rendered":"<p>Conjunto de soutien e cuecas em seda Mulberry 22 Momme em Pearl. Acabamento Stretch Fit, toque suave do drapeado e gama de tamanhos personalizada. Concebido para as mulheres.<\/p>","protected":false},"featured_media":1165,"template":"","meta":{"_gspb_post_css":""},"product_brand":[],"product_cat":[40],"product_tag":[964,965,966],"class_list":{"0":"post-961","1":"product","2":"type-product","3":"status-publish","4":"has-post-thumbnail","6":"product_cat-silk-bra-panty-sets","7":"product_tag-22-momme-silk-bra-panty-set-pearl","8":"product_tag-mulberry-silk-bra-panty-set-stretch-fit","9":"product_tag-vendor-silk-bra-panty-set-for-women","11":"first","12":"instock","13":"shipping-taxable","14":"purchasable","15":"product-type-simple"},"_links":{"self":[{"href":"https:\/\/silk-pajamas.com\/pt\/wp-json\/wp\/v2\/product\/961","targetHints":{"allow":["GET"]}}],"collection":[{"href":"https:\/\/silk-pajamas.com\/pt\/wp-json\/wp\/v2\/product"}],"about":[{"href":"https:\/\/silk-pajamas.com\/pt\/wp-json\/wp\/v2\/types\/product"}],"wp:featuredmedia":[{"embeddable":true,"href":"https:\/\/silk-pajamas.com\/pt\/wp-json\/wp\/v2\/media\/1165"}],"wp:attachment":[{"href":"https:\/\/silk-pajamas.com\/pt\/wp-json\/wp\/v2\/media?parent=961"}],"wp:term":[{"taxonomy":"product_brand","embeddable":true,"href":"https:\/\/silk-pajamas.com\/pt\/wp-json\/wp\/v2\/product_brand?post=961"},{"taxonomy":"product_cat","embeddable":true,"href":"https:\/\/silk-pajamas.com\/pt\/wp-json\/wp\/v2\/product_cat?post=961"},{"taxonomy":"product_tag","embeddable":true,"href":"https:\/\/silk-pajamas.com\/pt\/wp-json\/wp\/v2\/product_tag?post=961"}],"curies":[{"name":"wp","href":"https:\/\/api.w.org\/{rel}","templated":true}]}}