{"id":966,"date":"2026-04-12T15:43:47","date_gmt":"2026-04-12T15:43:47","guid":{"rendered":"https:\/\/silk-pajamas.com\/19-momme-charmeuse-silk-bralette-set-french-cut-pearl\/"},"modified":"2026-04-16T08:31:57","modified_gmt":"2026-04-16T08:31:57","slug":"19-momme-charmeuse-silk-bralette-set-french-cut-pearl","status":"publish","type":"product","link":"https:\/\/silk-pajamas.com\/pt\/19-momme-charmeuse-silk-bralette-set-french-cut-pearl\/","title":{"rendered":"19 Momme Charmeuse Silk Bralette Set French Cut Pearl"},"content":{"rendered":"<p>Fabricado em seda momme charmeuse 19, este conjunto de soutien e cuecas oferece uma sensa\u00e7\u00e3o de pele suave e respir\u00e1vel e um movimento elegante. A constru\u00e7\u00e3o de corte franc\u00eas e a cor p\u00e9rola mant\u00eam o visual polido para peles sens\u00edveis. Dispon\u00edvel em S, M, L, XL. Lavar \u00e0 m\u00e3o a frio ou utilizar um ciclo suave.<\/p>","protected":false},"excerpt":{"rendered":"<p>19 Conjunto de soutien e cuecas em seda Momme Charmeuse em Pearl. Acabamento French Cut, toque respir\u00e1vel e gama de tamanhos S, M, L, XL. Concebido para peles sens\u00edveis.<\/p>","protected":false},"featured_media":1169,"template":"","meta":{"_gspb_post_css":""},"product_brand":[],"product_cat":[40],"product_tag":[972,927,934],"class_list":{"0":"post-966","1":"product","2":"type-product","3":"status-publish","4":"has-post-thumbnail","6":"product_cat-silk-bra-panty-sets","7":"product_tag-19-momme-silk-bra-panty-set-pearl","8":"product_tag-charmeuse-silk-bra-panty-set-french-cut","9":"product_tag-vendor-silk-bra-panty-set-for-sensitive-skin","11":"first","12":"instock","13":"shipping-taxable","14":"purchasable","15":"product-type-simple"},"_links":{"self":[{"href":"https:\/\/silk-pajamas.com\/pt\/wp-json\/wp\/v2\/product\/966","targetHints":{"allow":["GET"]}}],"collection":[{"href":"https:\/\/silk-pajamas.com\/pt\/wp-json\/wp\/v2\/product"}],"about":[{"href":"https:\/\/silk-pajamas.com\/pt\/wp-json\/wp\/v2\/types\/product"}],"wp:featuredmedia":[{"embeddable":true,"href":"https:\/\/silk-pajamas.com\/pt\/wp-json\/wp\/v2\/media\/1169"}],"wp:attachment":[{"href":"https:\/\/silk-pajamas.com\/pt\/wp-json\/wp\/v2\/media?parent=966"}],"wp:term":[{"taxonomy":"product_brand","embeddable":true,"href":"https:\/\/silk-pajamas.com\/pt\/wp-json\/wp\/v2\/product_brand?post=966"},{"taxonomy":"product_cat","embeddable":true,"href":"https:\/\/silk-pajamas.com\/pt\/wp-json\/wp\/v2\/product_cat?post=966"},{"taxonomy":"product_tag","embeddable":true,"href":"https:\/\/silk-pajamas.com\/pt\/wp-json\/wp\/v2\/product_tag?post=966"}],"curies":[{"name":"wp","href":"https:\/\/api.w.org\/{rel}","templated":true}]}}