{"id":967,"date":"2026-04-12T15:43:47","date_gmt":"2026-04-12T15:43:47","guid":{"rendered":"https:\/\/silk-pajamas.com\/22-momme-mulberry-silk-bra-panty-set-wireless-blush\/"},"modified":"2026-04-16T08:33:35","modified_gmt":"2026-04-16T08:33:35","slug":"22-momme-mulberry-silk-bra-panty-set-wireless-blush","status":"publish","type":"product","link":"https:\/\/silk-pajamas.com\/pt\/22-momme-mulberry-silk-bra-panty-set-wireless-blush\/","title":{"rendered":"22 Momme Mulberry Silk Bra Panty Set Wireless Blush"},"content":{"rendered":"<p>Este conjunto de soutien e cuecas \u00e9 feito de seda de amora 22 momme num tom de blush. \u00c9 sem fios, tem um toque suave e um drapeado confort\u00e1vel para mulher. O estilo suporta os tamanhos Custom e funciona bem para usar na primavera, para oferecer e para o conforto di\u00e1rio. Lavar \u00e0 m\u00e3o a frio ou utilizar um ciclo suave.<\/p>","protected":false},"excerpt":{"rendered":"<p>22 Conjunto de soutien e cuecas Momme Mulberry em seda Blush. Acabamento sem fios, toque leve e gama de tamanhos personalizada. Concebido para as mulheres.<\/p>","protected":false},"featured_media":1172,"template":"","meta":{"_gspb_post_css":""},"product_brand":[],"product_cat":[40],"product_tag":[973,974,950],"class_list":{"0":"post-967","1":"product","2":"type-product","3":"status-publish","4":"has-post-thumbnail","6":"product_cat-silk-bra-panty-sets","7":"product_tag-22-momme-silk-bra-panty-set-blush","8":"product_tag-manufacturer-silk-bra-panty-set-for-women","9":"product_tag-mulberry-silk-bra-panty-set-wireless","11":"first","12":"instock","13":"shipping-taxable","14":"purchasable","15":"product-type-simple"},"_links":{"self":[{"href":"https:\/\/silk-pajamas.com\/pt\/wp-json\/wp\/v2\/product\/967","targetHints":{"allow":["GET"]}}],"collection":[{"href":"https:\/\/silk-pajamas.com\/pt\/wp-json\/wp\/v2\/product"}],"about":[{"href":"https:\/\/silk-pajamas.com\/pt\/wp-json\/wp\/v2\/types\/product"}],"wp:featuredmedia":[{"embeddable":true,"href":"https:\/\/silk-pajamas.com\/pt\/wp-json\/wp\/v2\/media\/1172"}],"wp:attachment":[{"href":"https:\/\/silk-pajamas.com\/pt\/wp-json\/wp\/v2\/media?parent=967"}],"wp:term":[{"taxonomy":"product_brand","embeddable":true,"href":"https:\/\/silk-pajamas.com\/pt\/wp-json\/wp\/v2\/product_brand?post=967"},{"taxonomy":"product_cat","embeddable":true,"href":"https:\/\/silk-pajamas.com\/pt\/wp-json\/wp\/v2\/product_cat?post=967"},{"taxonomy":"product_tag","embeddable":true,"href":"https:\/\/silk-pajamas.com\/pt\/wp-json\/wp\/v2\/product_tag?post=967"}],"curies":[{"name":"wp","href":"https:\/\/api.w.org\/{rel}","templated":true}]}}