{"id":968,"date":"2026-04-12T15:43:47","date_gmt":"2026-04-12T15:43:47","guid":{"rendered":"https:\/\/silk-pajamas.com\/22-momme-sandwashed-silk-thermal-set-rib-knit-leopard\/"},"modified":"2026-04-16T08:35:43","modified_gmt":"2026-04-16T08:35:43","slug":"22-momme-sandwashed-silk-thermal-set-rib-knit-leopard","status":"publish","type":"product","link":"https:\/\/silk-pajamas.com\/pt\/22-momme-sandwashed-silk-thermal-set-rib-knit-leopard\/","title":{"rendered":"22 Momme Conjunto t\u00e9rmico de seda com barra em malha canelada Leopardo"},"content":{"rendered":"<p>Esta camada de base t\u00e9rmica \u00e9 confeccionada em seda 22 momme com acabamento em areia num tom de leopardo. Apresenta uma malha canelada, um toque suave e um drapeado confort\u00e1vel para mulher. O estilo suporta os tamanhos XL, XXL, 3XL, 4XL e funciona bem para todas as esta\u00e7\u00f5es, para presentear e para o conforto di\u00e1rio. Lavar \u00e0 m\u00e3o a frio ou utilizar um ciclo suave.<\/p>","protected":false},"excerpt":{"rendered":"<p>22 Camada de base t\u00e9rmica de seda Momme Sandwashed em Leopardo. Acabamento em malha canelada, toque leve e gama de tamanhos XL, XXL, 3XL, 4XL. Concebido para as mulheres.<\/p>","protected":false},"featured_media":1176,"template":"","meta":{"_gspb_post_css":""},"product_brand":[],"product_cat":[41],"product_tag":[975,976,977],"class_list":{"0":"post-968","1":"product","2":"type-product","3":"status-publish","4":"has-post-thumbnail","6":"product_cat-silk-long-johns","7":"product_tag-22-momme-silk-long-johns-leopard","8":"product_tag-sandwashed-silk-long-johns-rib-knit","9":"product_tag-supplier-silk-long-johns-for-women","11":"first","12":"instock","13":"featured","14":"shipping-taxable","15":"purchasable","16":"product-type-simple"},"_links":{"self":[{"href":"https:\/\/silk-pajamas.com\/pt\/wp-json\/wp\/v2\/product\/968","targetHints":{"allow":["GET"]}}],"collection":[{"href":"https:\/\/silk-pajamas.com\/pt\/wp-json\/wp\/v2\/product"}],"about":[{"href":"https:\/\/silk-pajamas.com\/pt\/wp-json\/wp\/v2\/types\/product"}],"wp:featuredmedia":[{"embeddable":true,"href":"https:\/\/silk-pajamas.com\/pt\/wp-json\/wp\/v2\/media\/1176"}],"wp:attachment":[{"href":"https:\/\/silk-pajamas.com\/pt\/wp-json\/wp\/v2\/media?parent=968"}],"wp:term":[{"taxonomy":"product_brand","embeddable":true,"href":"https:\/\/silk-pajamas.com\/pt\/wp-json\/wp\/v2\/product_brand?post=968"},{"taxonomy":"product_cat","embeddable":true,"href":"https:\/\/silk-pajamas.com\/pt\/wp-json\/wp\/v2\/product_cat?post=968"},{"taxonomy":"product_tag","embeddable":true,"href":"https:\/\/silk-pajamas.com\/pt\/wp-json\/wp\/v2\/product_tag?post=968"}],"curies":[{"name":"wp","href":"https:\/\/api.w.org\/{rel}","templated":true}]}}