{"id":969,"date":"2026-04-12T15:43:47","date_gmt":"2026-04-12T15:43:47","guid":{"rendered":"https:\/\/silk-pajamas.com\/22-momme-mulberry-silk-thermal-set-lightweight-emerald\/"},"modified":"2026-04-16T08:37:25","modified_gmt":"2026-04-16T08:37:25","slug":"22-momme-mulberry-silk-thermal-set-lightweight-emerald","status":"publish","type":"product","link":"https:\/\/silk-pajamas.com\/pt\/22-momme-mulberry-silk-thermal-set-lightweight-emerald\/","title":{"rendered":"22 Conjunto t\u00e9rmico Momme Mulberry Silk Lightweight Emerald"},"content":{"rendered":"<p>Confeccionada em seda de amora 22 momme, esta camada de base t\u00e9rmica combina detalhes leves com um brilho suave e um toque respir\u00e1vel. O acabamento em esmeralda confere-lhe um aspeto requintado, enquanto os tamanhos S, M, L, XL ajudam a cobrir as principais necessidades. Adequada para homem e para todos os guarda-roupas da esta\u00e7\u00e3o. Lavar \u00e0 m\u00e3o a frio ou utilizar um ciclo suave.<\/p>","protected":false},"excerpt":{"rendered":"<p>22 Camada de base t\u00e9rmica de seda Mulberry Momme em Esmeralda. Acabamento leve, toque leve e gama de tamanhos S, M, L, XL. Concebido para os homens.<\/p>","protected":false},"featured_media":1178,"template":"","meta":{"_gspb_post_css":""},"product_brand":[],"product_cat":[41],"product_tag":[978,980,979],"class_list":{"0":"post-969","1":"product","2":"type-product","3":"status-publish","4":"has-post-thumbnail","6":"product_cat-silk-long-johns","7":"product_tag-22-momme-silk-long-johns-emerald","8":"product_tag-factory-silk-long-johns-for-men","9":"product_tag-mulberry-silk-long-johns-lightweight","11":"first","12":"instock","13":"shipping-taxable","14":"purchasable","15":"product-type-simple"},"_links":{"self":[{"href":"https:\/\/silk-pajamas.com\/pt\/wp-json\/wp\/v2\/product\/969","targetHints":{"allow":["GET"]}}],"collection":[{"href":"https:\/\/silk-pajamas.com\/pt\/wp-json\/wp\/v2\/product"}],"about":[{"href":"https:\/\/silk-pajamas.com\/pt\/wp-json\/wp\/v2\/types\/product"}],"wp:featuredmedia":[{"embeddable":true,"href":"https:\/\/silk-pajamas.com\/pt\/wp-json\/wp\/v2\/media\/1178"}],"wp:attachment":[{"href":"https:\/\/silk-pajamas.com\/pt\/wp-json\/wp\/v2\/media?parent=969"}],"wp:term":[{"taxonomy":"product_brand","embeddable":true,"href":"https:\/\/silk-pajamas.com\/pt\/wp-json\/wp\/v2\/product_brand?post=969"},{"taxonomy":"product_cat","embeddable":true,"href":"https:\/\/silk-pajamas.com\/pt\/wp-json\/wp\/v2\/product_cat?post=969"},{"taxonomy":"product_tag","embeddable":true,"href":"https:\/\/silk-pajamas.com\/pt\/wp-json\/wp\/v2\/product_tag?post=969"}],"curies":[{"name":"wp","href":"https:\/\/api.w.org\/{rel}","templated":true}]}}