{"id":972,"date":"2026-04-12T15:43:47","date_gmt":"2026-04-12T15:43:47","guid":{"rendered":"https:\/\/silk-pajamas.com\/19-momme-mulberry-silk-long-johns-crew-neck-pearl-wholesale\/"},"modified":"2026-04-16T08:49:14","modified_gmt":"2026-04-16T08:49:14","slug":"19-momme-mulberry-silk-long-johns-crew-neck-pearl-wholesale","status":"publish","type":"product","link":"https:\/\/silk-pajamas.com\/pt\/19-momme-mulberry-silk-long-johns-crew-neck-pearl-wholesale\/","title":{"rendered":"19 Momme Mulberry Silk Long Johns Crew Neck Pearl Wholesale"},"content":{"rendered":"<p>Esta camada de base t\u00e9rmica \u00e9 feita de seda de amora de 19 momme num tom p\u00e9rola. Apresenta uma gola redonda, um toque suave e um drapeado confort\u00e1vel para usar em camadas em climas frios. O estilo \u00e9 compat\u00edvel com os tamanhos M, L, XL, XXL e funciona bem para usar na primavera, para oferecer e para o conforto di\u00e1rio. Lavar \u00e0 m\u00e3o a frio ou utilizar um ciclo suave.<\/p>","protected":false},"excerpt":{"rendered":"<p>19 Camada de base t\u00e9rmica de seda Mulberry Momme em Pearl. Gola redonda, toque termo-regulador e gama de tamanhos M, L, XL, XXL. Concebida para vestir em climas frios.<\/p>","protected":false},"featured_media":1192,"template":"","meta":{"_gspb_post_css":""},"product_brand":[],"product_cat":[41],"product_tag":[986,983,987],"class_list":{"0":"post-972","1":"product","2":"type-product","3":"status-publish","4":"has-post-thumbnail","6":"product_cat-silk-long-johns","7":"product_tag-19-momme-silk-long-johns-pearl","8":"product_tag-factory-silk-long-johns-for-cool-weather-layering","9":"product_tag-mulberry-silk-long-johns-crew-neck","11":"first","12":"instock","13":"shipping-taxable","14":"purchasable","15":"product-type-simple"},"_links":{"self":[{"href":"https:\/\/silk-pajamas.com\/pt\/wp-json\/wp\/v2\/product\/972","targetHints":{"allow":["GET"]}}],"collection":[{"href":"https:\/\/silk-pajamas.com\/pt\/wp-json\/wp\/v2\/product"}],"about":[{"href":"https:\/\/silk-pajamas.com\/pt\/wp-json\/wp\/v2\/types\/product"}],"wp:featuredmedia":[{"embeddable":true,"href":"https:\/\/silk-pajamas.com\/pt\/wp-json\/wp\/v2\/media\/1192"}],"wp:attachment":[{"href":"https:\/\/silk-pajamas.com\/pt\/wp-json\/wp\/v2\/media?parent=972"}],"wp:term":[{"taxonomy":"product_brand","embeddable":true,"href":"https:\/\/silk-pajamas.com\/pt\/wp-json\/wp\/v2\/product_brand?post=972"},{"taxonomy":"product_cat","embeddable":true,"href":"https:\/\/silk-pajamas.com\/pt\/wp-json\/wp\/v2\/product_cat?post=972"},{"taxonomy":"product_tag","embeddable":true,"href":"https:\/\/silk-pajamas.com\/pt\/wp-json\/wp\/v2\/product_tag?post=972"}],"curies":[{"name":"wp","href":"https:\/\/api.w.org\/{rel}","templated":true}]}}