{"id":974,"date":"2026-04-12T15:43:47","date_gmt":"2026-04-12T15:43:47","guid":{"rendered":"https:\/\/silk-pajamas.com\/22-momme-charmeuse-silk-thermal-set-base-layer-sky-blue\/"},"modified":"2026-04-16T08:56:54","modified_gmt":"2026-04-16T08:56:54","slug":"22-momme-charmeuse-silk-thermal-set-base-layer-sky-blue","status":"publish","type":"product","link":"https:\/\/silk-pajamas.com\/pt\/22-momme-charmeuse-silk-thermal-set-base-layer-sky-blue\/","title":{"rendered":"22 Conjunto t\u00e9rmico de seda Momme Charmeuse Camada de base azul celeste"},"content":{"rendered":"<p>Confeccionada em seda 22 momme charmeuse, esta camada de base t\u00e9rmica combina detalhes de camada de base com um brilho suave e um toque respir\u00e1vel. O acabamento em azul celeste confere-lhe um aspeto requintado, enquanto os tamanhos S, M, L, XL ajudam a cobrir as principais necessidades. Adequada para homem e para todos os guarda-roupas da esta\u00e7\u00e3o. Lavar \u00e0 m\u00e3o a frio ou utilizar um ciclo suave.<\/p>","protected":false},"excerpt":{"rendered":"<p>22 Camada de base t\u00e9rmica de seda Momme Charmeuse em azul celeste. Acabamento Base Layer, toque respir\u00e1vel e gama de tamanhos S, M, L, XL. Concebido para os homens.<\/p>","protected":false},"featured_media":1201,"template":"","meta":{"_gspb_post_css":""},"product_brand":[],"product_cat":[41],"product_tag":[991,992,993],"class_list":{"0":"post-974","1":"product","2":"type-product","3":"status-publish","4":"has-post-thumbnail","6":"product_cat-silk-long-johns","7":"product_tag-22-momme-silk-long-johns-sky-blue","8":"product_tag-charmeuse-silk-long-johns-base-layer","9":"product_tag-wholesale-silk-long-johns-for-men","11":"first","12":"instock","13":"shipping-taxable","14":"purchasable","15":"product-type-simple"},"_links":{"self":[{"href":"https:\/\/silk-pajamas.com\/pt\/wp-json\/wp\/v2\/product\/974","targetHints":{"allow":["GET"]}}],"collection":[{"href":"https:\/\/silk-pajamas.com\/pt\/wp-json\/wp\/v2\/product"}],"about":[{"href":"https:\/\/silk-pajamas.com\/pt\/wp-json\/wp\/v2\/types\/product"}],"wp:featuredmedia":[{"embeddable":true,"href":"https:\/\/silk-pajamas.com\/pt\/wp-json\/wp\/v2\/media\/1201"}],"wp:attachment":[{"href":"https:\/\/silk-pajamas.com\/pt\/wp-json\/wp\/v2\/media?parent=974"}],"wp:term":[{"taxonomy":"product_brand","embeddable":true,"href":"https:\/\/silk-pajamas.com\/pt\/wp-json\/wp\/v2\/product_brand?post=974"},{"taxonomy":"product_cat","embeddable":true,"href":"https:\/\/silk-pajamas.com\/pt\/wp-json\/wp\/v2\/product_cat?post=974"},{"taxonomy":"product_tag","embeddable":true,"href":"https:\/\/silk-pajamas.com\/pt\/wp-json\/wp\/v2\/product_tag?post=974"}],"curies":[{"name":"wp","href":"https:\/\/api.w.org\/{rel}","templated":true}]}}