{"id":975,"date":"2026-04-12T15:43:47","date_gmt":"2026-04-12T15:43:47","guid":{"rendered":"https:\/\/silk-pajamas.com\/19-momme-sandwashed-silk-thermal-set-base-layer-silver\/"},"modified":"2026-04-16T08:59:59","modified_gmt":"2026-04-16T08:59:59","slug":"19-momme-sandwashed-silk-thermal-set-base-layer-silver","status":"publish","type":"product","link":"https:\/\/silk-pajamas.com\/pt\/19-momme-sandwashed-silk-thermal-set-base-layer-silver\/","title":{"rendered":"19 Momme Sandwashed Silk Thermal Set Base Layer Silver"},"content":{"rendered":"<p>Esta camada de base t\u00e9rmica \u00e9 feita de seda 19 momme em tom prateado. Apresenta uma camada de base, um toque suave e um drapeado confort\u00e1vel para mulher. O estilo suporta tamanhos personalizados e funciona bem para todas as esta\u00e7\u00f5es, para presentear e para o conforto di\u00e1rio. Lavar \u00e0 m\u00e3o a frio ou utilizar um ciclo suave.<\/p>","protected":false},"excerpt":{"rendered":"<p>19 Momme Camada de base t\u00e9rmica de seda Sandwashed em prateado. Acabamento Base Layer, toque suave e gama de tamanhos Custom. Concebido para as mulheres.<\/p>","protected":false},"featured_media":1204,"template":"","meta":{"_gspb_post_css":""},"product_brand":[],"product_cat":[41],"product_tag":[984,994,977],"class_list":{"0":"post-975","1":"product","2":"type-product","3":"status-publish","4":"has-post-thumbnail","6":"product_cat-silk-long-johns","7":"product_tag-19-momme-silk-long-johns-silver","8":"product_tag-sandwashed-silk-long-johns-base-layer","9":"product_tag-supplier-silk-long-johns-for-women","11":"first","12":"instock","13":"shipping-taxable","14":"purchasable","15":"product-type-simple"},"_links":{"self":[{"href":"https:\/\/silk-pajamas.com\/pt\/wp-json\/wp\/v2\/product\/975","targetHints":{"allow":["GET"]}}],"collection":[{"href":"https:\/\/silk-pajamas.com\/pt\/wp-json\/wp\/v2\/product"}],"about":[{"href":"https:\/\/silk-pajamas.com\/pt\/wp-json\/wp\/v2\/types\/product"}],"wp:featuredmedia":[{"embeddable":true,"href":"https:\/\/silk-pajamas.com\/pt\/wp-json\/wp\/v2\/media\/1204"}],"wp:attachment":[{"href":"https:\/\/silk-pajamas.com\/pt\/wp-json\/wp\/v2\/media?parent=975"}],"wp:term":[{"taxonomy":"product_brand","embeddable":true,"href":"https:\/\/silk-pajamas.com\/pt\/wp-json\/wp\/v2\/product_brand?post=975"},{"taxonomy":"product_cat","embeddable":true,"href":"https:\/\/silk-pajamas.com\/pt\/wp-json\/wp\/v2\/product_cat?post=975"},{"taxonomy":"product_tag","embeddable":true,"href":"https:\/\/silk-pajamas.com\/pt\/wp-json\/wp\/v2\/product_tag?post=975"}],"curies":[{"name":"wp","href":"https:\/\/api.w.org\/{rel}","templated":true}]}}