{"id":976,"date":"2026-04-12T15:43:47","date_gmt":"2026-04-12T15:43:47","guid":{"rendered":"https:\/\/silk-pajamas.com\/19-momme-charmeuse-silk-thermal-set-thermal-wine-vendor\/"},"modified":"2026-04-16T09:03:32","modified_gmt":"2026-04-16T09:03:32","slug":"19-momme-charmeuse-silk-thermal-set-thermal-wine-vendor","status":"publish","type":"product","link":"https:\/\/silk-pajamas.com\/pt\/19-momme-charmeuse-silk-thermal-set-thermal-wine-vendor\/","title":{"rendered":"19 Momme Charmeuse Seda Conjunto t\u00e9rmico Vendedor de vinho t\u00e9rmico"},"content":{"rendered":"<p>Confeccionada com seda momme charmeuse 19, esta camada de base t\u00e9rmica oferece um drapeado suave, um toque suave na pele e um movimento elegante. A constru\u00e7\u00e3o t\u00e9rmica e a cor de vinho mant\u00eam o visual polido para homem. Dispon\u00edvel em M, L, XL, XXL. Lavar \u00e0 m\u00e3o a frio ou utilizar um ciclo suave.<\/p>","protected":false},"excerpt":{"rendered":"<p>19 Camada de base t\u00e9rmica de seda Momme Charmeuse em vinho. Acabamento t\u00e9rmico, toque suave e gama de tamanhos M, L, XL, XXL. Concebido para os homens.<\/p>","protected":false},"featured_media":1207,"template":"","meta":{"_gspb_post_css":""},"product_brand":[],"product_cat":[41],"product_tag":[995,989,996],"class_list":{"0":"post-976","1":"product","2":"type-product","3":"status-publish","4":"has-post-thumbnail","6":"product_cat-silk-long-johns","7":"product_tag-19-momme-silk-long-johns-wine","8":"product_tag-charmeuse-silk-long-johns-thermal","9":"product_tag-manufacturer-silk-long-johns-for-men","11":"first","12":"instock","13":"shipping-taxable","14":"purchasable","15":"product-type-simple"},"_links":{"self":[{"href":"https:\/\/silk-pajamas.com\/pt\/wp-json\/wp\/v2\/product\/976","targetHints":{"allow":["GET"]}}],"collection":[{"href":"https:\/\/silk-pajamas.com\/pt\/wp-json\/wp\/v2\/product"}],"about":[{"href":"https:\/\/silk-pajamas.com\/pt\/wp-json\/wp\/v2\/types\/product"}],"wp:featuredmedia":[{"embeddable":true,"href":"https:\/\/silk-pajamas.com\/pt\/wp-json\/wp\/v2\/media\/1207"}],"wp:attachment":[{"href":"https:\/\/silk-pajamas.com\/pt\/wp-json\/wp\/v2\/media?parent=976"}],"wp:term":[{"taxonomy":"product_brand","embeddable":true,"href":"https:\/\/silk-pajamas.com\/pt\/wp-json\/wp\/v2\/product_brand?post=976"},{"taxonomy":"product_cat","embeddable":true,"href":"https:\/\/silk-pajamas.com\/pt\/wp-json\/wp\/v2\/product_cat?post=976"},{"taxonomy":"product_tag","embeddable":true,"href":"https:\/\/silk-pajamas.com\/pt\/wp-json\/wp\/v2\/product_tag?post=976"}],"curies":[{"name":"wp","href":"https:\/\/api.w.org\/{rel}","templated":true}]}}