{"id":977,"date":"2026-04-12T15:43:48","date_gmt":"2026-04-12T15:43:48","guid":{"rendered":"https:\/\/silk-pajamas.com\/16-momme-charmeuse-silk-thermal-set-crew-neck-silver\/"},"modified":"2026-04-16T07:38:30","modified_gmt":"2026-04-16T07:38:30","slug":"16-momme-charmeuse-silk-thermal-set-crew-neck-silver","status":"publish","type":"product","link":"https:\/\/silk-pajamas.com\/pt\/16-momme-charmeuse-silk-thermal-set-crew-neck-silver\/","title":{"rendered":"16 Conjunto t\u00e9rmico Momme Charmeuse Seda Gola redonda Prata"},"content":{"rendered":"<p>Esta camada de base t\u00e9rmica \u00e9 feita de seda 16 momme charmeuse num tom prateado. Apresenta gola redonda, um toque suave e um drapeado confort\u00e1vel para utiliza\u00e7\u00e3o em viagem. O estilo suporta tamanhos personalizados e funciona bem para usar no outono, para presentear e para o conforto di\u00e1rio. Lavar \u00e0 m\u00e3o a frio ou utilizar um ciclo suave.<\/p>","protected":false},"excerpt":{"rendered":"<p>16 Camada de base t\u00e9rmica em seda Momme Charmeuse prateada. Acabamento com gola redonda, toque respir\u00e1vel e gama de tamanhos personalizada. Concebida para utiliza\u00e7\u00e3o em viagem.<\/p>","protected":false},"featured_media":1139,"template":"","meta":{"_gspb_post_css":""},"product_brand":[],"product_cat":[41],"product_tag":[997,998,990],"class_list":{"0":"post-977","1":"product","2":"type-product","3":"status-publish","4":"has-post-thumbnail","6":"product_cat-silk-long-johns","7":"product_tag-16-momme-silk-long-johns-silver","8":"product_tag-charmeuse-silk-long-johns-crew-neck","9":"product_tag-factory-silk-long-johns-for-travel-use","11":"first","12":"instock","13":"shipping-taxable","14":"purchasable","15":"product-type-simple"},"_links":{"self":[{"href":"https:\/\/silk-pajamas.com\/pt\/wp-json\/wp\/v2\/product\/977","targetHints":{"allow":["GET"]}}],"collection":[{"href":"https:\/\/silk-pajamas.com\/pt\/wp-json\/wp\/v2\/product"}],"about":[{"href":"https:\/\/silk-pajamas.com\/pt\/wp-json\/wp\/v2\/types\/product"}],"wp:featuredmedia":[{"embeddable":true,"href":"https:\/\/silk-pajamas.com\/pt\/wp-json\/wp\/v2\/media\/1139"}],"wp:attachment":[{"href":"https:\/\/silk-pajamas.com\/pt\/wp-json\/wp\/v2\/media?parent=977"}],"wp:term":[{"taxonomy":"product_brand","embeddable":true,"href":"https:\/\/silk-pajamas.com\/pt\/wp-json\/wp\/v2\/product_brand?post=977"},{"taxonomy":"product_cat","embeddable":true,"href":"https:\/\/silk-pajamas.com\/pt\/wp-json\/wp\/v2\/product_cat?post=977"},{"taxonomy":"product_tag","embeddable":true,"href":"https:\/\/silk-pajamas.com\/pt\/wp-json\/wp\/v2\/product_tag?post=977"}],"curies":[{"name":"wp","href":"https:\/\/api.w.org\/{rel}","templated":true}]}}