{"id":978,"date":"2026-04-12T15:43:48","date_gmt":"2026-04-12T15:43:48","guid":{"rendered":"https:\/\/silk-pajamas.com\/19-momme-mulberry-silk-thermal-set-lightweight-emerald\/"},"modified":"2026-04-16T07:39:51","modified_gmt":"2026-04-16T07:39:51","slug":"19-momme-mulberry-silk-thermal-set-lightweight-emerald","status":"publish","type":"product","link":"https:\/\/silk-pajamas.com\/pt\/19-momme-mulberry-silk-thermal-set-lightweight-emerald\/","title":{"rendered":"19 Conjunto t\u00e9rmico Momme Mulberry Silk Lightweight Emerald"},"content":{"rendered":"<p>Feita com seda de amora de 19 momme, esta camada de base t\u00e9rmica oferece uma sensa\u00e7\u00e3o de pele respir\u00e1vel e suave e um movimento elegante. A constru\u00e7\u00e3o leve e a cor esmeralda mant\u00eam o visual polido para camadas em tempo frio. Dispon\u00edvel em M, L, XL, XXL. Lavar \u00e0 m\u00e3o a frio ou utilizar um ciclo suave.<\/p>","protected":false},"excerpt":{"rendered":"<p>19 Camada de base t\u00e9rmica de seda Mulberry Momme em Esmeralda. Acabamento leve, toque respir\u00e1vel e gama de tamanhos M, L, XL, XXL. Concebida para vestir em climas frios.<\/p>","protected":false},"featured_media":1144,"template":"","meta":{"_gspb_post_css":""},"product_brand":[],"product_cat":[41],"product_tag":[999,979,985],"class_list":{"0":"post-978","1":"product","2":"type-product","3":"status-publish","4":"has-post-thumbnail","6":"product_cat-silk-long-johns","7":"product_tag-19-momme-silk-long-johns-emerald","8":"product_tag-mulberry-silk-long-johns-lightweight","9":"product_tag-supplier-silk-long-johns-for-cool-weather-layering","11":"first","12":"instock","13":"featured","14":"shipping-taxable","15":"purchasable","16":"product-type-simple"},"_links":{"self":[{"href":"https:\/\/silk-pajamas.com\/pt\/wp-json\/wp\/v2\/product\/978","targetHints":{"allow":["GET"]}}],"collection":[{"href":"https:\/\/silk-pajamas.com\/pt\/wp-json\/wp\/v2\/product"}],"about":[{"href":"https:\/\/silk-pajamas.com\/pt\/wp-json\/wp\/v2\/types\/product"}],"wp:featuredmedia":[{"embeddable":true,"href":"https:\/\/silk-pajamas.com\/pt\/wp-json\/wp\/v2\/media\/1144"}],"wp:attachment":[{"href":"https:\/\/silk-pajamas.com\/pt\/wp-json\/wp\/v2\/media?parent=978"}],"wp:term":[{"taxonomy":"product_brand","embeddable":true,"href":"https:\/\/silk-pajamas.com\/pt\/wp-json\/wp\/v2\/product_brand?post=978"},{"taxonomy":"product_cat","embeddable":true,"href":"https:\/\/silk-pajamas.com\/pt\/wp-json\/wp\/v2\/product_cat?post=978"},{"taxonomy":"product_tag","embeddable":true,"href":"https:\/\/silk-pajamas.com\/pt\/wp-json\/wp\/v2\/product_tag?post=978"}],"curies":[{"name":"wp","href":"https:\/\/api.w.org\/{rel}","templated":true}]}}