{"id":984,"date":"2026-04-12T15:43:49","date_gmt":"2026-04-12T15:43:49","guid":{"rendered":"https:\/\/silk-pajamas.com\/16-momme-charmeuse-silk-long-johns-thermal-silver-factory\/"},"modified":"2026-04-16T07:16:40","modified_gmt":"2026-04-16T07:16:40","slug":"16-momme-charmeuse-silk-long-johns-thermal-silver-factory","status":"publish","type":"product","link":"https:\/\/silk-pajamas.com\/pt\/16-momme-charmeuse-silk-long-johns-thermal-silver-factory\/","title":{"rendered":"16 Momme Charmeuse Seda Long Johns Thermal Silver Factory"},"content":{"rendered":"<p>Confeccionada em seda 16 momme charmeuse, esta camada de base t\u00e9rmica combina detalhes t\u00e9rmicos com um brilho suave e um toque respir\u00e1vel. O acabamento prateado confere-lhe um aspeto requintado, enquanto os tamanhos M, L, XL, XXL ajudam a cobrir as principais necessidades. Adequada para mulher e para o guarda-roupa de ver\u00e3o. Lavar \u00e0 m\u00e3o a frio ou utilizar um ciclo suave.<\/p>","protected":false},"excerpt":{"rendered":"<p>16 Camada de base t\u00e9rmica de seda Momme Charmeuse em prateado. Acabamento t\u00e9rmico, toque resistente \u00e0s rugas e gama de tamanhos M, L, XL, XXL. Concebido para as mulheres.<\/p>","protected":false},"featured_media":1097,"template":"","meta":{"_gspb_post_css":""},"product_brand":[],"product_cat":[41],"product_tag":[997,989,1010],"class_list":{"0":"post-984","1":"product","2":"type-product","3":"status-publish","4":"has-post-thumbnail","6":"product_cat-silk-long-johns","7":"product_tag-16-momme-silk-long-johns-silver","8":"product_tag-charmeuse-silk-long-johns-thermal","9":"product_tag-vendor-silk-long-johns-for-women","11":"first","12":"instock","13":"shipping-taxable","14":"purchasable","15":"product-type-simple"},"_links":{"self":[{"href":"https:\/\/silk-pajamas.com\/pt\/wp-json\/wp\/v2\/product\/984","targetHints":{"allow":["GET"]}}],"collection":[{"href":"https:\/\/silk-pajamas.com\/pt\/wp-json\/wp\/v2\/product"}],"about":[{"href":"https:\/\/silk-pajamas.com\/pt\/wp-json\/wp\/v2\/types\/product"}],"wp:featuredmedia":[{"embeddable":true,"href":"https:\/\/silk-pajamas.com\/pt\/wp-json\/wp\/v2\/media\/1097"}],"wp:attachment":[{"href":"https:\/\/silk-pajamas.com\/pt\/wp-json\/wp\/v2\/media?parent=984"}],"wp:term":[{"taxonomy":"product_brand","embeddable":true,"href":"https:\/\/silk-pajamas.com\/pt\/wp-json\/wp\/v2\/product_brand?post=984"},{"taxonomy":"product_cat","embeddable":true,"href":"https:\/\/silk-pajamas.com\/pt\/wp-json\/wp\/v2\/product_cat?post=984"},{"taxonomy":"product_tag","embeddable":true,"href":"https:\/\/silk-pajamas.com\/pt\/wp-json\/wp\/v2\/product_tag?post=984"}],"curies":[{"name":"wp","href":"https:\/\/api.w.org\/{rel}","templated":true}]}}