{"id":987,"date":"2026-04-12T15:43:49","date_gmt":"2026-04-12T15:43:49","guid":{"rendered":"https:\/\/silk-pajamas.com\/16-momme-stretch-silk-thermal-set-base-layer-sky-blue\/"},"modified":"2026-04-16T07:21:39","modified_gmt":"2026-04-16T07:21:39","slug":"16-momme-stretch-silk-thermal-set-base-layer-sky-blue","status":"publish","type":"product","link":"https:\/\/silk-pajamas.com\/pt\/16-momme-stretch-silk-thermal-set-base-layer-sky-blue\/","title":{"rendered":"16 Momme Stretch Silk Thermal Set Base Layer Sky Blue"},"content":{"rendered":"<p>Esta camada de base t\u00e9rmica \u00e9 feita de seda 16 momme stretch num tom azul celeste. Apresenta uma camada de base, uma sensa\u00e7\u00e3o de toque suave e um drapeado confort\u00e1vel para camadas de clima frio. O estilo \u00e9 compat\u00edvel com os tamanhos S, M, L, XL e funciona bem para usar no outono, para oferecer e para o conforto di\u00e1rio. Lavar \u00e0 m\u00e3o a frio ou utilizar um ciclo suave.<\/p>","protected":false},"excerpt":{"rendered":"<p>16 Camada de base t\u00e9rmica de seda Momme Stretch Silk em azul celeste. Acabamento de camada de base, toque termo-regulador e gama de tamanhos S, M, L, XL. Concebida para vestir em climas frios.<\/p>","protected":false},"featured_media":1106,"template":"","meta":{"_gspb_post_css":""},"product_brand":[],"product_cat":[41],"product_tag":[1014,1013,1015],"class_list":{"0":"post-987","1":"product","2":"type-product","3":"status-publish","4":"has-post-thumbnail","6":"product_cat-silk-long-johns","7":"product_tag-16-momme-silk-long-johns-sky-blue","8":"product_tag-manufacturer-silk-long-johns-for-cool-weather-layering","9":"product_tag-stretch-silk-silk-long-johns-base-layer","11":"first","12":"instock","13":"shipping-taxable","14":"purchasable","15":"product-type-simple"},"_links":{"self":[{"href":"https:\/\/silk-pajamas.com\/pt\/wp-json\/wp\/v2\/product\/987","targetHints":{"allow":["GET"]}}],"collection":[{"href":"https:\/\/silk-pajamas.com\/pt\/wp-json\/wp\/v2\/product"}],"about":[{"href":"https:\/\/silk-pajamas.com\/pt\/wp-json\/wp\/v2\/types\/product"}],"wp:featuredmedia":[{"embeddable":true,"href":"https:\/\/silk-pajamas.com\/pt\/wp-json\/wp\/v2\/media\/1106"}],"wp:attachment":[{"href":"https:\/\/silk-pajamas.com\/pt\/wp-json\/wp\/v2\/media?parent=987"}],"wp:term":[{"taxonomy":"product_brand","embeddable":true,"href":"https:\/\/silk-pajamas.com\/pt\/wp-json\/wp\/v2\/product_brand?post=987"},{"taxonomy":"product_cat","embeddable":true,"href":"https:\/\/silk-pajamas.com\/pt\/wp-json\/wp\/v2\/product_cat?post=987"},{"taxonomy":"product_tag","embeddable":true,"href":"https:\/\/silk-pajamas.com\/pt\/wp-json\/wp\/v2\/product_tag?post=987"}],"curies":[{"name":"wp","href":"https:\/\/api.w.org\/{rel}","templated":true}]}}