{"id":990,"date":"2026-04-12T15:43:49","date_gmt":"2026-04-12T15:43:49","guid":{"rendered":"https:\/\/silk-pajamas.com\/16-momme-mulberry-silk-panties-mid-rise-silver\/"},"modified":"2026-04-16T07:28:04","modified_gmt":"2026-04-16T07:28:04","slug":"16-momme-mulberry-silk-panties-mid-rise-silver","status":"publish","type":"product","link":"https:\/\/silk-pajamas.com\/pt\/16-momme-mulberry-silk-panties-mid-rise-silver\/","title":{"rendered":"16 Momme Mulberry Silk Panties Mid Rise Silver"},"content":{"rendered":"<p>Esta cueca de seda \u00e9 feita de seda de amora 16 momme num tom prateado. Apresenta uma altura m\u00e9dia, um toque suave e um drapeado confort\u00e1vel para uso di\u00e1rio. O estilo suporta os tamanhos M, L, XL, XXL e funciona bem para todas as esta\u00e7\u00f5es, para presentear e para o conforto di\u00e1rio. Lavar \u00e0 m\u00e3o a frio ou utilizar um ciclo suave.<\/p>","protected":false},"excerpt":{"rendered":"<p>16 Cuecas Momme Mulberry em seda prateada. Acabamento Mid Rise, toque suave e gama de tamanhos M, L, XL, XXL. Concebidas para uso di\u00e1rio.<\/p>","protected":false},"featured_media":1117,"template":"","meta":{"_gspb_post_css":""},"product_brand":[],"product_cat":[39],"product_tag":[1017,1018,1019],"class_list":{"0":"post-990","1":"product","2":"type-product","3":"status-publish","4":"has-post-thumbnail","6":"product_cat-silk-panties","7":"product_tag-16-momme-silk-panties-silver","8":"product_tag-mulberry-silk-panties-mid-rise","9":"product_tag-wholesale-silk-panties-for-daily-wear","11":"first","12":"instock","13":"featured","14":"shipping-taxable","15":"purchasable","16":"product-type-simple"},"_links":{"self":[{"href":"https:\/\/silk-pajamas.com\/pt\/wp-json\/wp\/v2\/product\/990","targetHints":{"allow":["GET"]}}],"collection":[{"href":"https:\/\/silk-pajamas.com\/pt\/wp-json\/wp\/v2\/product"}],"about":[{"href":"https:\/\/silk-pajamas.com\/pt\/wp-json\/wp\/v2\/types\/product"}],"wp:featuredmedia":[{"embeddable":true,"href":"https:\/\/silk-pajamas.com\/pt\/wp-json\/wp\/v2\/media\/1117"}],"wp:attachment":[{"href":"https:\/\/silk-pajamas.com\/pt\/wp-json\/wp\/v2\/media?parent=990"}],"wp:term":[{"taxonomy":"product_brand","embeddable":true,"href":"https:\/\/silk-pajamas.com\/pt\/wp-json\/wp\/v2\/product_brand?post=990"},{"taxonomy":"product_cat","embeddable":true,"href":"https:\/\/silk-pajamas.com\/pt\/wp-json\/wp\/v2\/product_cat?post=990"},{"taxonomy":"product_tag","embeddable":true,"href":"https:\/\/silk-pajamas.com\/pt\/wp-json\/wp\/v2\/product_tag?post=990"}],"curies":[{"name":"wp","href":"https:\/\/api.w.org\/{rel}","templated":true}]}}