{"id":991,"date":"2026-04-12T15:43:49","date_gmt":"2026-04-12T15:43:49","guid":{"rendered":"https:\/\/silk-pajamas.com\/19-momme-charmeuse-silk-panties-stretch-fit-black\/"},"modified":"2026-04-16T07:29:19","modified_gmt":"2026-04-16T07:29:19","slug":"19-momme-charmeuse-silk-panties-stretch-fit-black","status":"publish","type":"product","link":"https:\/\/silk-pajamas.com\/pt\/19-momme-charmeuse-silk-panties-stretch-fit-black\/","title":{"rendered":"19 Momme Charmeuse Silk Panties Stretch Fit Preto"},"content":{"rendered":"<p>Confeccionadas em seda momme charmeuse 19, estas cuecas de seda combinam detalhes de ajuste el\u00e1stico com um brilho suave e um toque respir\u00e1vel. O acabamento em preto confere-lhe um aspeto requintado, enquanto os tamanhos XL, XXL, 3XL, 4XL ajudam a cobrir as necessidades b\u00e1sicas. Adequado para peles sens\u00edveis e guarda-roupas de ver\u00e3o. Lavar \u00e0 m\u00e3o a frio ou utilizar um ciclo suave.<\/p>","protected":false},"excerpt":{"rendered":"<p>19 Cuecas de seda Momme Charmeuse em preto. Acabamento Stretch Fit, toque leve e gama de tamanhos XL, XXL, 3XL, 4XL. Concebidas para peles sens\u00edveis.<\/p>","protected":false},"featured_media":1118,"template":"","meta":{"_gspb_post_css":""},"product_brand":[],"product_cat":[39],"product_tag":[1020,1021,1022],"class_list":{"0":"post-991","1":"product","2":"type-product","3":"status-publish","4":"has-post-thumbnail","6":"product_cat-silk-panties","7":"product_tag-19-momme-silk-panties-black","8":"product_tag-charmeuse-silk-panties-stretch-fit","9":"product_tag-wholesale-silk-panties-for-sensitive-skin","11":"first","12":"instock","13":"shipping-taxable","14":"purchasable","15":"product-type-simple"},"_links":{"self":[{"href":"https:\/\/silk-pajamas.com\/pt\/wp-json\/wp\/v2\/product\/991","targetHints":{"allow":["GET"]}}],"collection":[{"href":"https:\/\/silk-pajamas.com\/pt\/wp-json\/wp\/v2\/product"}],"about":[{"href":"https:\/\/silk-pajamas.com\/pt\/wp-json\/wp\/v2\/types\/product"}],"wp:featuredmedia":[{"embeddable":true,"href":"https:\/\/silk-pajamas.com\/pt\/wp-json\/wp\/v2\/media\/1118"}],"wp:attachment":[{"href":"https:\/\/silk-pajamas.com\/pt\/wp-json\/wp\/v2\/media?parent=991"}],"wp:term":[{"taxonomy":"product_brand","embeddable":true,"href":"https:\/\/silk-pajamas.com\/pt\/wp-json\/wp\/v2\/product_brand?post=991"},{"taxonomy":"product_cat","embeddable":true,"href":"https:\/\/silk-pajamas.com\/pt\/wp-json\/wp\/v2\/product_cat?post=991"},{"taxonomy":"product_tag","embeddable":true,"href":"https:\/\/silk-pajamas.com\/pt\/wp-json\/wp\/v2\/product_tag?post=991"}],"curies":[{"name":"wp","href":"https:\/\/api.w.org\/{rel}","templated":true}]}}