{"id":994,"date":"2026-04-12T15:43:49","date_gmt":"2026-04-12T15:43:49","guid":{"rendered":"https:\/\/silk-pajamas.com\/16-momme-stretch-silk-mulberry-silk-panties-seamless-rose\/"},"modified":"2026-04-16T07:34:27","modified_gmt":"2026-04-16T07:34:27","slug":"16-momme-stretch-silk-mulberry-silk-panties-seamless-rose","status":"publish","type":"product","link":"https:\/\/silk-pajamas.com\/pt\/16-momme-stretch-silk-mulberry-silk-panties-seamless-rose\/","title":{"rendered":"16 Momme Stretch Silk Mulberry Silk Panties Seamless Rose"},"content":{"rendered":"<p>Esta cueca de seda \u00e9 feita de seda 16 momme stretch num tom rosa. Apresenta um toque suave, sem costuras, e um drapeado confort\u00e1vel para uso di\u00e1rio. O estilo \u00e9 compat\u00edvel com os tamanhos XL, XXL, 3XL, 4XL e funciona bem para usar na primavera, para oferecer e para o conforto di\u00e1rio. Lavar \u00e0 m\u00e3o a frio ou utilizar um ciclo suave.<\/p>","protected":false},"excerpt":{"rendered":"<p>16 Cuecas Momme Stretch Silk em seda rosa. Acabamento sem costuras, toque leve e gama de tamanhos XL, XXL, 3XL, 4XL. Concebidas para uma utiliza\u00e7\u00e3o quotidiana.<\/p>","protected":false},"featured_media":1129,"template":"","meta":{"_gspb_post_css":""},"product_brand":[],"product_cat":[39],"product_tag":[1029,1030,1028],"class_list":{"0":"post-994","1":"product","2":"type-product","3":"status-publish","4":"has-post-thumbnail","6":"product_cat-silk-panties","7":"product_tag-16-momme-silk-panties-rose","8":"product_tag-stretch-silk-silk-panties-seamless","9":"product_tag-supplier-silk-panties-for-daily-wear","11":"first","12":"instock","13":"shipping-taxable","14":"purchasable","15":"product-type-simple"},"_links":{"self":[{"href":"https:\/\/silk-pajamas.com\/pt\/wp-json\/wp\/v2\/product\/994","targetHints":{"allow":["GET"]}}],"collection":[{"href":"https:\/\/silk-pajamas.com\/pt\/wp-json\/wp\/v2\/product"}],"about":[{"href":"https:\/\/silk-pajamas.com\/pt\/wp-json\/wp\/v2\/types\/product"}],"wp:featuredmedia":[{"embeddable":true,"href":"https:\/\/silk-pajamas.com\/pt\/wp-json\/wp\/v2\/media\/1129"}],"wp:attachment":[{"href":"https:\/\/silk-pajamas.com\/pt\/wp-json\/wp\/v2\/media?parent=994"}],"wp:term":[{"taxonomy":"product_brand","embeddable":true,"href":"https:\/\/silk-pajamas.com\/pt\/wp-json\/wp\/v2\/product_brand?post=994"},{"taxonomy":"product_cat","embeddable":true,"href":"https:\/\/silk-pajamas.com\/pt\/wp-json\/wp\/v2\/product_cat?post=994"},{"taxonomy":"product_tag","embeddable":true,"href":"https:\/\/silk-pajamas.com\/pt\/wp-json\/wp\/v2\/product_tag?post=994"}],"curies":[{"name":"wp","href":"https:\/\/api.w.org\/{rel}","templated":true}]}}