{"id":996,"date":"2026-04-12T15:43:50","date_gmt":"2026-04-12T15:43:50","guid":{"rendered":"https:\/\/silk-pajamas.com\/19-momme-stretch-silk-panties-seamless-navy-manufacturer\/"},"modified":"2026-04-16T06:51:05","modified_gmt":"2026-04-16T06:51:05","slug":"19-momme-stretch-silk-panties-seamless-navy-manufacturer","status":"publish","type":"product","link":"https:\/\/silk-pajamas.com\/pt\/19-momme-stretch-silk-panties-seamless-navy-manufacturer\/","title":{"rendered":"19 Momme Calcinha de seda el\u00e1stica sem costura Marinha Fabricante"},"content":{"rendered":"<p>Confeccionada em seda stretch 19 momme, esta cueca de seda combina detalhes sem costuras com um brilho suave e um toque respir\u00e1vel. O acabamento em azul-marinho confere-lhe um aspeto requintado, enquanto os tamanhos S, M, L, XL ajudam a cobrir as necessidades b\u00e1sicas. Adequado para mulheres e guarda-roupas de todas as esta\u00e7\u00f5es. Lavar \u00e0 m\u00e3o a frio ou utilizar um ciclo suave.<\/p>","protected":false},"excerpt":{"rendered":"<p>19 Cuecas Momme Stretch Silk em seda azul-marinho. Acabamento sem costuras, toque leve e gama de tamanhos S, M, L, XL. Concebido para as mulheres.<\/p>","protected":false},"featured_media":1046,"template":"","meta":{"_gspb_post_css":""},"product_brand":[],"product_cat":[39],"product_tag":[1033,1030,1034],"class_list":{"0":"post-996","1":"product","2":"type-product","3":"status-publish","4":"has-post-thumbnail","6":"product_cat-silk-panties","7":"product_tag-19-momme-silk-panties-navy","8":"product_tag-stretch-silk-silk-panties-seamless","9":"product_tag-supplier-silk-panties-for-women","11":"first","12":"instock","13":"shipping-taxable","14":"purchasable","15":"product-type-simple"},"_links":{"self":[{"href":"https:\/\/silk-pajamas.com\/pt\/wp-json\/wp\/v2\/product\/996","targetHints":{"allow":["GET"]}}],"collection":[{"href":"https:\/\/silk-pajamas.com\/pt\/wp-json\/wp\/v2\/product"}],"about":[{"href":"https:\/\/silk-pajamas.com\/pt\/wp-json\/wp\/v2\/types\/product"}],"wp:featuredmedia":[{"embeddable":true,"href":"https:\/\/silk-pajamas.com\/pt\/wp-json\/wp\/v2\/media\/1046"}],"wp:attachment":[{"href":"https:\/\/silk-pajamas.com\/pt\/wp-json\/wp\/v2\/media?parent=996"}],"wp:term":[{"taxonomy":"product_brand","embeddable":true,"href":"https:\/\/silk-pajamas.com\/pt\/wp-json\/wp\/v2\/product_brand?post=996"},{"taxonomy":"product_cat","embeddable":true,"href":"https:\/\/silk-pajamas.com\/pt\/wp-json\/wp\/v2\/product_cat?post=996"},{"taxonomy":"product_tag","embeddable":true,"href":"https:\/\/silk-pajamas.com\/pt\/wp-json\/wp\/v2\/product_tag?post=996"}],"curies":[{"name":"wp","href":"https:\/\/api.w.org\/{rel}","templated":true}]}}