{"id":997,"date":"2026-04-12T15:43:50","date_gmt":"2026-04-12T15:43:50","guid":{"rendered":"https:\/\/silk-pajamas.com\/22-momme-stretch-silk-panties-french-cut-sage-supplier\/"},"modified":"2026-04-16T06:52:41","modified_gmt":"2026-04-16T06:52:41","slug":"22-momme-stretch-silk-panties-french-cut-sage-supplier","status":"publish","type":"product","link":"https:\/\/silk-pajamas.com\/pt\/22-momme-stretch-silk-panties-french-cut-sage-supplier\/","title":{"rendered":"22 Momme Cuecas de seda el\u00e1sticas Corte franc\u00eas Sage Fornecedor"},"content":{"rendered":"<p>Esta cueca de seda \u00e9 feita de seda 22 momme stretch num tom de s\u00e1lvia. Apresenta um corte franc\u00eas, um toque suave e um drapeado confort\u00e1vel para peles sens\u00edveis. O estilo \u00e9 compat\u00edvel com os tamanhos XL, XXL, 3XL, 4XL e funciona bem para usar na primavera, para oferecer e para o conforto di\u00e1rio. Lavar \u00e0 m\u00e3o a frio ou utilizar um ciclo suave.<\/p>","protected":false},"excerpt":{"rendered":"<p>22 Cuecas Momme Stretch Silk em seda Sage. Acabamento French Cut, toque leve e gama de tamanhos XL, XXL, 3XL, 4XL. Concebidas para peles sens\u00edveis.<\/p>","protected":false},"featured_media":1049,"template":"","meta":{"_gspb_post_css":""},"product_brand":[],"product_cat":[39],"product_tag":[1035,1036,1037],"class_list":{"0":"post-997","1":"product","2":"type-product","3":"status-publish","4":"has-post-thumbnail","6":"product_cat-silk-panties","7":"product_tag-22-momme-silk-panties-sage","8":"product_tag-stretch-silk-silk-panties-french-cut","9":"product_tag-vendor-silk-panties-for-sensitive-skin","11":"first","12":"instock","13":"shipping-taxable","14":"purchasable","15":"product-type-simple"},"_links":{"self":[{"href":"https:\/\/silk-pajamas.com\/pt\/wp-json\/wp\/v2\/product\/997","targetHints":{"allow":["GET"]}}],"collection":[{"href":"https:\/\/silk-pajamas.com\/pt\/wp-json\/wp\/v2\/product"}],"about":[{"href":"https:\/\/silk-pajamas.com\/pt\/wp-json\/wp\/v2\/types\/product"}],"wp:featuredmedia":[{"embeddable":true,"href":"https:\/\/silk-pajamas.com\/pt\/wp-json\/wp\/v2\/media\/1049"}],"wp:attachment":[{"href":"https:\/\/silk-pajamas.com\/pt\/wp-json\/wp\/v2\/media?parent=997"}],"wp:term":[{"taxonomy":"product_brand","embeddable":true,"href":"https:\/\/silk-pajamas.com\/pt\/wp-json\/wp\/v2\/product_brand?post=997"},{"taxonomy":"product_cat","embeddable":true,"href":"https:\/\/silk-pajamas.com\/pt\/wp-json\/wp\/v2\/product_cat?post=997"},{"taxonomy":"product_tag","embeddable":true,"href":"https:\/\/silk-pajamas.com\/pt\/wp-json\/wp\/v2\/product_tag?post=997"}],"curies":[{"name":"wp","href":"https:\/\/api.w.org\/{rel}","templated":true}]}}